{"id":15057,"date":"2022-07-01T15:31:00","date_gmt":"2022-07-01T13:31:00","guid":{"rendered":"https:\/\/www.kvavolleybal.nl\/?page_id=15057"},"modified":"2026-03-25T18:37:31","modified_gmt":"2026-03-25T17:37:31","slug":"teamindeling-dames","status":"publish","type":"page","link":"https:\/\/www.kvavolleybal.nl\/?page_id=15057","title":{"rendered":"Teamindeling Dames"},"content":{"rendered":"<div><!-- Deze pagina is door het KVA Platform gegenereerd, dus voer daar wijzigingen door en niet hier. --><\/div>\n<h2>Seizoen 2025-2026 voorjaar<\/h2>\n<p>Heb je vragen of opmerkingen, mail de <a href=\"mailto:tc@kvavolleybal.nl\">Technische Commissie<\/a>.<\/p>\n<table>\n<tbody>\n<tr>\n<td valign=\"top\"><img loading=\"lazy\" decoding=\"async\" class=\"alignnone size-medium wp-image-15629 aligncenter\" src=\"https:\/\/www.kvavolleybal.nl\/wp-content\/uploads\/2025\/12\/Teamfoto1_D1-300x238.jpg\" alt=\"\" width=\"300\" height=\"238\" srcset=\"https:\/\/www.kvavolleybal.nl\/wp-content\/uploads\/2025\/12\/Teamfoto1_D1-300x238.jpg 300w, https:\/\/www.kvavolleybal.nl\/wp-content\/uploads\/2025\/12\/Teamfoto1_D1-800x635.jpg 800w, https:\/\/www.kvavolleybal.nl\/wp-content\/uploads\/2025\/12\/Teamfoto1_D1-768x610.jpg 768w, https:\/\/www.kvavolleybal.nl\/wp-content\/uploads\/2025\/12\/Teamfoto1_D1-1536x1220.jpg 1536w, https:\/\/www.kvavolleybal.nl\/wp-content\/uploads\/2025\/12\/Teamfoto1_D1-2048x1627.jpg 2048w, https:\/\/www.kvavolleybal.nl\/wp-content\/uploads\/2025\/12\/Teamfoto1_D1-1200x953.jpg 1200w\" sizes=\"auto, (max-width: 300px) 85vw, 300px\" \/><\/p>\n<p><strong>Dames 1<\/strong><br \/>\nNiveau: Promotieklasse<br \/>\nPoule: <a href=\"http:\/\/www.volleybal.nl\/competitie\/poule\/DPB\/regio-west\">DPB<\/a><br \/>\n[<a href=\"http:\/\/www.volleybal.nl\/competitie\/poule\/DPB\/regio-west?activetab=programma\">programma<\/a>]<\/p>\n<ul>\n<li>Alix A.<\/li>\n<li>Anastasiya P.<\/li>\n<li>Anne H.<\/li>\n<li>Annika van T.<\/li>\n<li>Dieuwke Z.<\/li>\n<li>Esm\u00e9e M.&nbsp;<sup><a title=\"meetrainer\" href=\"#comment-1\">[1]<\/a><\/sup><\/li>\n<li>Janiek M.<\/li>\n<li>Maaya O.<\/li>\n<li>Madelein V.&nbsp;<sup><a title=\"meetrainer\" href=\"#comment-1\">[1]<\/a><\/sup><\/li>\n<li>Man\u00f4u ten A.&nbsp;<sup><a title=\"meetrainer\" href=\"#comment-1\">[1]<\/a><\/sup><\/li>\n<li>Marloes V.<\/li>\n<li>Odile R.<\/li>\n<li>Samira V.<\/li>\n<li>Ysanne P.<\/li>\n<li>Zeynep \u00d6.<\/li>\n<\/ul>\n<\/td>\n<td valign=\"top\"><img loading=\"lazy\" decoding=\"async\" class=\"size-medium wp-image-15630 aligncenter\" src=\"https:\/\/www.kvavolleybal.nl\/wp-content\/uploads\/2025\/12\/Teamfoto2_D2-300x237.jpg\" alt=\"\" width=\"300\" height=\"237\" srcset=\"https:\/\/www.kvavolleybal.nl\/wp-content\/uploads\/2025\/12\/Teamfoto2_D2-300x237.jpg 300w, https:\/\/www.kvavolleybal.nl\/wp-content\/uploads\/2025\/12\/Teamfoto2_D2-800x633.jpg 800w, https:\/\/www.kvavolleybal.nl\/wp-content\/uploads\/2025\/12\/Teamfoto2_D2-768x608.jpg 768w, https:\/\/www.kvavolleybal.nl\/wp-content\/uploads\/2025\/12\/Teamfoto2_D2-1536x1215.jpg 1536w, https:\/\/www.kvavolleybal.nl\/wp-content\/uploads\/2025\/12\/Teamfoto2_D2-2048x1620.jpg 2048w, https:\/\/www.kvavolleybal.nl\/wp-content\/uploads\/2025\/12\/Teamfoto2_D2-1200x949.jpg 1200w\" sizes=\"auto, (max-width: 300px) 85vw, 300px\" \/><\/p>\n<p><strong>Dames 2<\/strong><br \/>\nNiveau: 1e klasse<br \/>\nPoule: <a href=\"http:\/\/www.volleybal.nl\/competitie\/poule\/D1F\/regio-west\">D1F<\/a><br \/>\n[<a href=\"http:\/\/www.volleybal.nl\/competitie\/poule\/D1F\/regio-west?activetab=programma\">programma<\/a>]<\/p>\n<ul>\n<li>Clara D.&nbsp;<sup><a title=\"meetrainer\" href=\"#comment-1\">[1]<\/a><\/sup><\/li>\n<li>Cynthia J.<\/li>\n<li>Emma R.<\/li>\n<li>Ipek A.<\/li>\n<li>Julia de H.<\/li>\n<li>Liv W.<\/li>\n<li>Magda G.<\/li>\n<li>Marissa W.<\/li>\n<li>Myrthe B.<\/li>\n<li>Naz Y.<\/li>\n<li>Nienke P.<\/li>\n<li>No\u00eblle van der Z.<\/li>\n<\/ul>\n<\/td>\n<\/tr>\n<tr>\n<td valign=\"top\"><img loading=\"lazy\" decoding=\"async\" class=\"alignnone size-medium wp-image-15632 aligncenter\" src=\"https:\/\/www.kvavolleybal.nl\/wp-content\/uploads\/2025\/12\/Teamfoto_D3-300x245.jpg\" alt=\"\" width=\"300\" height=\"245\" srcset=\"https:\/\/www.kvavolleybal.nl\/wp-content\/uploads\/2025\/12\/Teamfoto_D3-300x245.jpg 300w, https:\/\/www.kvavolleybal.nl\/wp-content\/uploads\/2025\/12\/Teamfoto_D3-800x652.jpg 800w, https:\/\/www.kvavolleybal.nl\/wp-content\/uploads\/2025\/12\/Teamfoto_D3-768x626.jpg 768w, https:\/\/www.kvavolleybal.nl\/wp-content\/uploads\/2025\/12\/Teamfoto_D3-1536x1252.jpg 1536w, https:\/\/www.kvavolleybal.nl\/wp-content\/uploads\/2025\/12\/Teamfoto_D3-1200x978.jpg 1200w, https:\/\/www.kvavolleybal.nl\/wp-content\/uploads\/2025\/12\/Teamfoto_D3.jpg 1645w\" sizes=\"auto, (max-width: 300px) 85vw, 300px\" \/><\/p>\n<p><strong>Dames 3<\/strong><br \/>\nNiveau: 2e klasse<br \/>\nPoule: <a href=\"http:\/\/www.volleybal.nl\/competitie\/poule\/D2H1\/regio-west\">D2H1<\/a><br \/>\n[<a href=\"http:\/\/www.volleybal.nl\/competitie\/poule\/D2H1\/regio-west?activetab=programma\">programma<\/a>]<\/p>\n<ul>\n<li>Annelotte de van der S.<\/li>\n<li>Bente K.<\/li>\n<li>Inge G.<\/li>\n<li>Irene V.<\/li>\n<li>Iris O.<\/li>\n<li>Isabelle V.&nbsp;<sup><a title=\"meetrainer\" href=\"#comment-1\">[1]<\/a><\/sup><\/li>\n<li>Jamie K.<\/li>\n<li>Judith de B.<\/li>\n<li>Kari van den K.&nbsp;<sup><a title=\"meetrainer\" href=\"#comment-1\">[1]<\/a><\/sup><\/li>\n<li>Myrthe D.<\/li>\n<li>Paulien B.<\/li>\n<li>Terri P.<\/li>\n<li>Tessa T.<\/li>\n<\/ul>\n<\/td>\n<td valign=\"top\"><strong><img loading=\"lazy\" decoding=\"async\" class=\"alignnone size-medium wp-image-15643 aligncenter\" src=\"https:\/\/www.kvavolleybal.nl\/wp-content\/uploads\/2025\/12\/Teamfoto_D5-300x172.jpeg\" alt=\"\" width=\"300\" height=\"172\" srcset=\"https:\/\/www.kvavolleybal.nl\/wp-content\/uploads\/2025\/12\/Teamfoto_D5-300x172.jpeg 300w, https:\/\/www.kvavolleybal.nl\/wp-content\/uploads\/2025\/12\/Teamfoto_D5-800x458.jpeg 800w, https:\/\/www.kvavolleybal.nl\/wp-content\/uploads\/2025\/12\/Teamfoto_D5-768x440.jpeg 768w, https:\/\/www.kvavolleybal.nl\/wp-content\/uploads\/2025\/12\/Teamfoto_D5.jpeg 960w\" sizes=\"auto, (max-width: 300px) 85vw, 300px\" \/><\/strong><\/p>\n<p><strong>Dames 4<\/strong><br \/>\nNiveau: 3e klasse<br \/>\nPoule: <a href=\"http:\/\/www.volleybal.nl\/competitie\/poule\/D3K1\/regio-west\">D3K1<\/a><br \/>\n[<a href=\"http:\/\/www.volleybal.nl\/competitie\/poule\/D3K1\/regio-west?activetab=programma\">programma<\/a>]<\/p>\n<ul>\n<li>Alinda W.<\/li>\n<li>Denise B.<\/li>\n<li>Ezra de B.<\/li>\n<li>Imme de B.<\/li>\n<li>Karen van der P.<\/li>\n<li>Luka H.<\/li>\n<li>Muriel H.<\/li>\n<li>Ruth R.<\/li>\n<li>Sigrid V.<\/li>\n<li>Tessa N.<\/li>\n<\/ul>\n<\/td>\n<\/tr>\n<tr>\n<td valign=\"top\"><img loading=\"lazy\" decoding=\"async\" class=\"alignnone size-medium wp-image-15639 aligncenter\" src=\"https:\/\/www.kvavolleybal.nl\/wp-content\/uploads\/2025\/12\/IMG-20251205-WA0001-300x229.jpg\" alt=\"\" width=\"300\" height=\"229\" srcset=\"https:\/\/www.kvavolleybal.nl\/wp-content\/uploads\/2025\/12\/IMG-20251205-WA0001-300x229.jpg 300w, https:\/\/www.kvavolleybal.nl\/wp-content\/uploads\/2025\/12\/IMG-20251205-WA0001.jpg 542w\" sizes=\"auto, (max-width: 300px) 85vw, 300px\" \/><\/p>\n<p><strong>Dames 5<\/strong><br \/>\nNiveau: 3e klasse<br \/>\nPoule: <a href=\"http:\/\/www.volleybal.nl\/competitie\/poule\/D3L1\/regio-west\">D3L1<\/a><br \/>\n[<a href=\"http:\/\/www.volleybal.nl\/competitie\/poule\/D3L1\/regio-west?activetab=programma\">programma<\/a>]<\/p>\n<ul>\n<li>Alice B.<\/li>\n<li>Annemarijn Z.<\/li>\n<li>Araceli C.&nbsp;<sup><a title=\"meetrainer\" href=\"#comment-1\">[1]<\/a><\/sup><\/li>\n<li>Cass M.<\/li>\n<li>Daphne S.<\/li>\n<li>Dieuwertje van D.<\/li>\n<li>Eva B.<\/li>\n<li>Ileen S.<\/li>\n<li>Jane H.<\/li>\n<li>Mirthe B.<\/li>\n<li>Rachel B.<\/li>\n<li>Saphira C.<\/li>\n<li>Tara R.<\/li>\n<\/ul>\n<\/td>\n<td valign=\"top\">\n<p style=\"text-align: center;\"><strong><img loading=\"lazy\" decoding=\"async\" class=\"alignnone size-medium wp-image-15645\" src=\"https:\/\/www.kvavolleybal.nl\/wp-content\/uploads\/2025\/12\/Teamfoto_D6-300x248.jpeg\" alt=\"\" width=\"300\" height=\"248\" srcset=\"https:\/\/www.kvavolleybal.nl\/wp-content\/uploads\/2025\/12\/Teamfoto_D6-300x248.jpeg 300w, https:\/\/www.kvavolleybal.nl\/wp-content\/uploads\/2025\/12\/Teamfoto_D6-800x660.jpeg 800w, https:\/\/www.kvavolleybal.nl\/wp-content\/uploads\/2025\/12\/Teamfoto_D6-768x634.jpeg 768w, https:\/\/www.kvavolleybal.nl\/wp-content\/uploads\/2025\/12\/Teamfoto_D6.jpeg 1197w\" sizes=\"auto, (max-width: 300px) 85vw, 300px\" \/><\/strong><\/p>\n<p style=\"text-align: left;\"><strong>Dames 6<\/strong><br \/>\nNiveau: 4e klasse<br \/>\nPoule: <a href=\"http:\/\/www.volleybal.nl\/competitie\/poule\/D4D1\/regio-west\">D4D1<\/a><br \/>\n[<a href=\"http:\/\/www.volleybal.nl\/competitie\/poule\/D4D1\/regio-west?activetab=programma\">programma<\/a>]<\/p>\n<ul>\n<li>Britt W.<\/li>\n<li>Elora S.<\/li>\n<li>Hannah P.<\/li>\n<li>L\u00e9a D.<\/li>\n<li>Lisette D.<\/li>\n<li>Margarida C.<\/li>\n<li>Marilou W.<\/li>\n<li>Maya A.<\/li>\n<li>Natania D.<\/li>\n<li>Natasha H.<\/li>\n<li>Nienke van der P.<\/li>\n<li>Selas van H.&nbsp;<sup><a title=\"meetrainer\" href=\"#comment-1\">[1]<\/a><\/sup><\/li>\n<li>Tess S.<\/li>\n<li>Zeynep I.&nbsp;<sup><a title=\"meetrainer\" href=\"#comment-1\">[1]<\/a><\/sup><\/li>\n<\/ul>\n<\/td>\n<\/tr>\n<tr>\n<td valign=\"top\"><img loading=\"lazy\" decoding=\"async\" class=\"alignnone size-medium wp-image-15633 aligncenter\" src=\"https:\/\/www.kvavolleybal.nl\/wp-content\/uploads\/2025\/12\/Teamfoto_D7-300x228.jpg\" alt=\"\" width=\"300\" height=\"228\" srcset=\"https:\/\/www.kvavolleybal.nl\/wp-content\/uploads\/2025\/12\/Teamfoto_D7-300x228.jpg 300w, https:\/\/www.kvavolleybal.nl\/wp-content\/uploads\/2025\/12\/Teamfoto_D7-800x607.jpg 800w, https:\/\/www.kvavolleybal.nl\/wp-content\/uploads\/2025\/12\/Teamfoto_D7-768x583.jpg 768w, https:\/\/www.kvavolleybal.nl\/wp-content\/uploads\/2025\/12\/Teamfoto_D7-1536x1166.jpg 1536w, https:\/\/www.kvavolleybal.nl\/wp-content\/uploads\/2025\/12\/Teamfoto_D7-2048x1555.jpg 2048w, https:\/\/www.kvavolleybal.nl\/wp-content\/uploads\/2025\/12\/Teamfoto_D7-1200x911.jpg 1200w\" sizes=\"auto, (max-width: 300px) 85vw, 300px\" \/><\/p>\n<p><strong>Dames 7<\/strong><br \/>\nNiveau: 4e klasse<br \/>\nPoule: <a href=\"http:\/\/www.volleybal.nl\/competitie\/poule\/D4E1\/regio-west\">D4E1<\/a><br \/>\n[<a href=\"http:\/\/www.volleybal.nl\/competitie\/poule\/D4E1\/regio-west?activetab=programma\">programma<\/a>]<\/p>\n<ul>\n<li>Anna D.<\/li>\n<li>Charlotte R.<\/li>\n<li>Chrysoula K.&nbsp;<sup><a title=\"meetrainer\" href=\"#comment-1\">[1]<\/a><\/sup><\/li>\n<li>Femke U.<\/li>\n<li>Ilke van D.<\/li>\n<li>Inez U.<\/li>\n<li>Lili B.<\/li>\n<li>Maria R.<\/li>\n<li>Marjolein K.<\/li>\n<li>Naomi S.<\/li>\n<li>Roos van E.<\/li>\n<\/ul>\n<\/td>\n<td valign=\"top\"><strong>Dames 8<\/strong><br \/>\nNiveau: 6e klasse<br \/>\nPoule: <a href=\"http:\/\/www.volleybal.nl\/competitie\/poule\/D6A1\/regio-west\">D6A1<\/a><br \/>\n[<a href=\"http:\/\/www.volleybal.nl\/competitie\/poule\/D6A1\/regio-west?activetab=programma\">programma<\/a>]<\/p>\n<ul>\n<li>Anne-Maaike van Z.<\/li>\n<li>Ayse Duru Y.&nbsp;<sup><a title=\"meetrainer\" href=\"#comment-1\">[1]<\/a><\/sup><\/li>\n<li>Eli A.<\/li>\n<li>Indy O.<\/li>\n<li>Jana F.<\/li>\n<li>Julia S.<\/li>\n<li>Kaysa T.<\/li>\n<li>Mijke T.<\/li>\n<li>Milou van den B.<\/li>\n<li>Noah H.<\/li>\n<li>Solane H.<\/li>\n<li>Valentina K.<\/li>\n<\/ul>\n<\/td>\n<\/tr>\n<\/tbody>\n<\/table>\n<p>Opmerkingen:<\/p>\n<ol>\n<li id=\"comment-1\">meetrainer<\/li>\n<\/ol>\n<p>Laatst bijgewerkt op woensdag 4 maart 2026 om 19:41 uur.<\/p>\n","protected":false},"excerpt":{"rendered":"<p>Seizoen 2025-2026 voorjaar Heb je vragen of opmerkingen, mail de Technische Commissie. Dames 1 Niveau: Promotieklasse Poule: DPB [programma] Alix A. Anastasiya P. Anne H. Annika van T. Dieuwke Z. Esm\u00e9e M.&nbsp;[1] Janiek M. Maaya O. Madelein V.&nbsp;[1] Man\u00f4u ten A.&nbsp;[1] Marloes V. Odile R. Samira V. Ysanne P. Zeynep \u00d6. Dames 2 Niveau: 1e &hellip; <a href=\"https:\/\/www.kvavolleybal.nl\/?page_id=15057\" class=\"more-link\">Lees verder <span class=\"screen-reader-text\">&#8220;Teamindeling Dames&#8221;<\/span><\/a><\/p>\n","protected":false},"author":1,"featured_media":0,"parent":81,"menu_order":1,"comment_status":"closed","ping_status":"closed","template":"","meta":{"ngg_post_thumbnail":0,"footnotes":""},"class_list":["post-15057","page","type-page","status-publish","hentry"],"aioseo_notices":[],"_links":{"self":[{"href":"https:\/\/www.kvavolleybal.nl\/index.php?rest_route=\/wp\/v2\/pages\/15057","targetHints":{"allow":["GET"]}}],"collection":[{"href":"https:\/\/www.kvavolleybal.nl\/index.php?rest_route=\/wp\/v2\/pages"}],"about":[{"href":"https:\/\/www.kvavolleybal.nl\/index.php?rest_route=\/wp\/v2\/types\/page"}],"author":[{"embeddable":true,"href":"https:\/\/www.kvavolleybal.nl\/index.php?rest_route=\/wp\/v2\/users\/1"}],"replies":[{"embeddable":true,"href":"https:\/\/www.kvavolleybal.nl\/index.php?rest_route=%2Fwp%2Fv2%2Fcomments&post=15057"}],"version-history":[{"count":18,"href":"https:\/\/www.kvavolleybal.nl\/index.php?rest_route=\/wp\/v2\/pages\/15057\/revisions"}],"predecessor-version":[{"id":15777,"href":"https:\/\/www.kvavolleybal.nl\/index.php?rest_route=\/wp\/v2\/pages\/15057\/revisions\/15777"}],"up":[{"embeddable":true,"href":"https:\/\/www.kvavolleybal.nl\/index.php?rest_route=\/wp\/v2\/pages\/81"}],"wp:attachment":[{"href":"https:\/\/www.kvavolleybal.nl\/index.php?rest_route=%2Fwp%2Fv2%2Fmedia&parent=15057"}],"curies":[{"name":"wp","href":"https:\/\/api.w.org\/{rel}","templated":true}]}}